{"id":45,"date":"2026-01-29T17:13:10","date_gmt":"2026-01-29T16:13:10","guid":{"rendered":"https:\/\/ogc.com.do\/?page_id=45"},"modified":"2026-02-16T15:24:32","modified_gmt":"2026-02-16T14:24:32","slug":"about-us","status":"publish","type":"page","link":"https:\/\/ogc.com.do\/en\/about-us\/","title":{"rendered":"About us"},"content":{"rendered":"<div data-elementor-type=\"wp-page\" data-elementor-id=\"45\" class=\"elementor elementor-45\" data-elementor-post-type=\"page\">\n\t\t\t\t<div class=\"elementor-element elementor-element-544b3d4 e-flex e-con-boxed e-con e-parent\" data-id=\"544b3d4\" data-element_type=\"container\" data-e-type=\"container\" data-settings=\"{&quot;background_background&quot;:&quot;classic&quot;}\">\n\t\t\t\t\t<div class=\"e-con-inner\">\n\t\t\t\t<div class=\"elementor-element elementor-element-27d841c elementor-invisible elementor-widget elementor-widget-heading\" data-id=\"27d841c\" data-element_type=\"widget\" data-e-type=\"widget\" data-settings=\"{&quot;_animation&quot;:&quot;fadeInUp&quot;}\" data-widget_type=\"heading.default\">\n\t\t\t\t\t<h1 class=\"elementor-heading-title elementor-size-default\">About us<\/h1>\t\t\t\t<\/div>\n\t\t\t\t\t<\/div>\n\t\t\t\t<\/div>\n\t\t<div class=\"elementor-element elementor-element-10d77f6 e-flex e-con-boxed e-con e-parent\" data-id=\"10d77f6\" data-element_type=\"container\" data-e-type=\"container\">\n\t\t\t\t\t<div class=\"e-con-inner\">\n\t\t<div class=\"elementor-element elementor-element-1f43a47 e-con-full e-flex elementor-invisible e-con e-child\" data-id=\"1f43a47\" data-element_type=\"container\" data-e-type=\"container\" data-settings=\"{&quot;animation&quot;:&quot;fadeInLeft&quot;}\">\n\t\t\t\t<div class=\"elementor-element elementor-element-07be5bf elementor-widget elementor-widget-heading\" data-id=\"07be5bf\" data-element_type=\"widget\" data-e-type=\"widget\" data-widget_type=\"heading.default\">\n\t\t\t\t\t<h2 class=\"elementor-heading-title elementor-size-default\">Ofreight Global \nConnecting <\/h2>\t\t\t\t<\/div>\n\t\t\t\t<div class=\"elementor-element elementor-element-1b4c0d5 elementor-widget elementor-widget-heading\" data-id=\"1b4c0d5\" data-element_type=\"widget\" data-e-type=\"widget\" data-widget_type=\"heading.default\">\n\t\t\t\t\t<h3 class=\"elementor-heading-title elementor-size-default\">We begin operations with a clear vision: <\/h3>\t\t\t\t<\/div>\n\t\t\t\t<div class=\"elementor-element elementor-element-8817aaa elementor-widget elementor-widget-text-editor\" data-id=\"8817aaa\" data-element_type=\"widget\" data-e-type=\"widget\" data-widget_type=\"text-editor.default\">\n\t\t\t\t\t\t\t\t\t<p>To transform international logistics through comprehensive, innovative, and sustainable solutions.<\/p><p>We are the strategic partner for importing companies, exporting companies, and freight agents seeking real efficiency, full visibility, and measurable results.<\/p>\t\t\t\t\t\t\t\t<\/div>\n\t\t\t\t<\/div>\n\t\t<div class=\"elementor-element elementor-element-656b872 e-con-full e-flex elementor-invisible e-con e-child\" data-id=\"656b872\" data-element_type=\"container\" data-e-type=\"container\" data-settings=\"{&quot;animation&quot;:&quot;fadeInRight&quot;}\">\n\t\t\t\t<div class=\"elementor-element elementor-element-7a6152d elementor-widget elementor-widget-image\" data-id=\"7a6152d\" data-element_type=\"widget\" data-e-type=\"widget\" data-widget_type=\"image.default\">\n\t\t\t\t\t\t\t\t\t\t\t\t\t\t\t<img fetchpriority=\"high\" decoding=\"async\" width=\"870\" height=\"517\" src=\"https:\/\/ogc.com.do\/wp-content\/uploads\/2026\/02\/nosotros-intro-featured.webp\" class=\"attachment-full size-full wp-image-551\" alt=\"\" srcset=\"https:\/\/ogc.com.do\/wp-content\/uploads\/2026\/02\/nosotros-intro-featured.webp 870w, https:\/\/ogc.com.do\/wp-content\/uploads\/2026\/02\/nosotros-intro-featured-300x178.webp 300w, https:\/\/ogc.com.do\/wp-content\/uploads\/2026\/02\/nosotros-intro-featured-768x456.webp 768w\" sizes=\"(max-width: 870px) 100vw, 870px\" \/>\t\t\t\t\t\t\t\t\t\t\t\t\t\t\t<\/div>\n\t\t\t\t<\/div>\n\t\t\t\t\t<\/div>\n\t\t\t\t<\/div>\n\t\t<div class=\"elementor-element elementor-element-e2a054c e-flex e-con-boxed e-con e-parent\" data-id=\"e2a054c\" data-element_type=\"container\" data-e-type=\"container\">\n\t\t\t\t\t<div class=\"e-con-inner\">\n\t\t<div class=\"elementor-element elementor-element-c2ec7fd e-con-full e-flex e-con e-child\" data-id=\"c2ec7fd\" data-element_type=\"container\" data-e-type=\"container\">\n\t\t\t\t<div class=\"elementor-element elementor-element-25b1ade elementor-invisible elementor-widget elementor-widget-image\" data-id=\"25b1ade\" data-element_type=\"widget\" data-e-type=\"widget\" data-settings=\"{&quot;_animation&quot;:&quot;fadeInLeft&quot;}\" data-widget_type=\"image.default\">\n\t\t\t\t\t\t\t\t\t\t\t\t\t\t\t<img decoding=\"async\" width=\"371\" height=\"307\" src=\"https:\/\/ogc.com.do\/wp-content\/uploads\/2026\/02\/nosotros-vision.webp\" class=\"attachment-full size-full wp-image-271\" alt=\"\" srcset=\"https:\/\/ogc.com.do\/wp-content\/uploads\/2026\/02\/nosotros-vision.webp 371w, https:\/\/ogc.com.do\/wp-content\/uploads\/2026\/02\/nosotros-vision-300x248.webp 300w\" sizes=\"(max-width: 371px) 100vw, 371px\" \/>\t\t\t\t\t\t\t\t\t\t\t\t\t\t\t<\/div>\n\t\t\t\t<\/div>\n\t\t<div class=\"elementor-element elementor-element-5c2c917 e-con-full e-flex elementor-invisible e-con e-child\" data-id=\"5c2c917\" data-element_type=\"container\" data-e-type=\"container\" data-settings=\"{&quot;animation&quot;:&quot;fadeInRight&quot;}\">\n\t\t\t\t<div class=\"elementor-element elementor-element-689fd71 elementor-widget elementor-widget-heading\" data-id=\"689fd71\" data-element_type=\"widget\" data-e-type=\"widget\" data-widget_type=\"heading.default\">\n\t\t\t\t\t<h2 class=\"elementor-heading-title elementor-size-default\">Our Vision<\/h2>\t\t\t\t<\/div>\n\t\t\t\t<div class=\"elementor-element elementor-element-7bee904 elementor-widget__width-initial elementor-widget elementor-widget-text-editor\" data-id=\"7bee904\" data-element_type=\"widget\" data-e-type=\"widget\" data-widget_type=\"text-editor.default\">\n\t\t\t\t\t\t\t\t\t<p>To be a global benchmark in intelligent, reliable, and sustainable logistics solutions.<\/p>\t\t\t\t\t\t\t\t<\/div>\n\t\t\t\t<\/div>\n\t\t\t\t\t<\/div>\n\t\t\t\t<\/div>\n\t\t<div class=\"elementor-element elementor-element-2b23dbe e-flex e-con-boxed e-con e-parent\" data-id=\"2b23dbe\" data-element_type=\"container\" data-e-type=\"container\">\n\t\t\t\t\t<div class=\"e-con-inner\">\n\t\t<div class=\"elementor-element elementor-element-c18aee4 e-con-full e-flex elementor-invisible e-con e-child\" data-id=\"c18aee4\" data-element_type=\"container\" data-e-type=\"container\" data-settings=\"{&quot;animation&quot;:&quot;fadeInLeft&quot;}\">\n\t\t\t\t<div class=\"elementor-element elementor-element-9bab5ab elementor-widget elementor-widget-heading\" data-id=\"9bab5ab\" data-element_type=\"widget\" data-e-type=\"widget\" data-widget_type=\"heading.default\">\n\t\t\t\t\t<h2 class=\"elementor-heading-title elementor-size-default\">Our Mission<\/h2>\t\t\t\t<\/div>\n\t\t\t\t<div class=\"elementor-element elementor-element-37374ac elementor-widget__width-initial elementor-widget elementor-widget-text-editor\" data-id=\"37374ac\" data-element_type=\"widget\" data-e-type=\"widget\" data-widget_type=\"text-editor.default\">\n\t\t\t\t\t\t\t\t\tTo simplify our clients\u2019 international logistics through comprehensive services that reduce costs, optimize timelines, and generate long-term value.\n\t\t\t\t\t\t\t\t<\/div>\n\t\t\t\t<\/div>\n\t\t<div class=\"elementor-element elementor-element-c96a934 e-con-full e-flex e-con e-child\" data-id=\"c96a934\" data-element_type=\"container\" data-e-type=\"container\">\n\t\t\t\t<div class=\"elementor-element elementor-element-45119aa elementor-invisible elementor-widget elementor-widget-image\" data-id=\"45119aa\" data-element_type=\"widget\" data-e-type=\"widget\" data-settings=\"{&quot;_animation&quot;:&quot;fadeInRight&quot;}\" data-widget_type=\"image.default\">\n\t\t\t\t\t\t\t\t\t\t\t\t\t\t\t<img decoding=\"async\" width=\"609\" height=\"314\" src=\"https:\/\/ogc.com.do\/wp-content\/uploads\/2026\/02\/nosotros-mision.webp\" class=\"attachment-full size-full wp-image-270\" alt=\"\" srcset=\"https:\/\/ogc.com.do\/wp-content\/uploads\/2026\/02\/nosotros-mision.webp 609w, https:\/\/ogc.com.do\/wp-content\/uploads\/2026\/02\/nosotros-mision-300x155.webp 300w\" sizes=\"(max-width: 609px) 100vw, 609px\" \/>\t\t\t\t\t\t\t\t\t\t\t\t\t\t\t<\/div>\n\t\t\t\t<\/div>\n\t\t\t\t\t<\/div>\n\t\t\t\t<\/div>\n\t\t<div class=\"elementor-element elementor-element-0bf4abb e-flex e-con-boxed e-con e-parent\" data-id=\"0bf4abb\" data-element_type=\"container\" data-e-type=\"container\">\n\t\t\t\t\t<div class=\"e-con-inner\">\n\t\t<div class=\"elementor-element elementor-element-1fdf5e2 e-con-full e-flex e-con e-child\" data-id=\"1fdf5e2\" data-element_type=\"container\" data-e-type=\"container\">\n\t\t\t\t<div class=\"elementor-element elementor-element-34b20a9 elementor-invisible elementor-widget elementor-widget-image\" data-id=\"34b20a9\" data-element_type=\"widget\" data-e-type=\"widget\" data-settings=\"{&quot;_animation&quot;:&quot;fadeInLeft&quot;}\" data-widget_type=\"image.default\">\n\t\t\t\t\t\t\t\t\t\t\t\t\t\t\t<img loading=\"lazy\" decoding=\"async\" width=\"374\" height=\"308\" src=\"https:\/\/ogc.com.do\/wp-content\/uploads\/2026\/02\/nosotros-enfoque.webp\" class=\"attachment-full size-full wp-image-268\" alt=\"\" srcset=\"https:\/\/ogc.com.do\/wp-content\/uploads\/2026\/02\/nosotros-enfoque.webp 374w, https:\/\/ogc.com.do\/wp-content\/uploads\/2026\/02\/nosotros-enfoque-300x247.webp 300w\" sizes=\"(max-width: 374px) 100vw, 374px\" \/>\t\t\t\t\t\t\t\t\t\t\t\t\t\t\t<\/div>\n\t\t\t\t<\/div>\n\t\t<div class=\"elementor-element elementor-element-c1010e5 e-con-full e-flex elementor-invisible e-con e-child\" data-id=\"c1010e5\" data-element_type=\"container\" data-e-type=\"container\" data-settings=\"{&quot;animation&quot;:&quot;fadeInRight&quot;}\">\n\t\t\t\t<div class=\"elementor-element elementor-element-f418cc7 elementor-widget elementor-widget-heading\" data-id=\"f418cc7\" data-element_type=\"widget\" data-e-type=\"widget\" data-widget_type=\"heading.default\">\n\t\t\t\t\t<h2 class=\"elementor-heading-title elementor-size-default\">Our Approach<\/h2>\t\t\t\t<\/div>\n\t\t\t\t<div class=\"elementor-element elementor-element-db1d036 elementor-widget__width-initial elementor-widget elementor-widget-text-editor\" data-id=\"db1d036\" data-element_type=\"widget\" data-e-type=\"widget\" data-widget_type=\"text-editor.default\">\n\t\t\t\t\t\t\t\t\t<p>We combine specialized human talent, auditable processes, and digital technology to deliver efficient and secure operations.<\/p>\t\t\t\t\t\t\t\t<\/div>\n\t\t\t\t<\/div>\n\t\t\t\t\t<\/div>\n\t\t\t\t<\/div>\n\t\t<div class=\"elementor-element elementor-element-e57e440 e-flex e-con-boxed e-con e-parent\" data-id=\"e57e440\" data-element_type=\"container\" data-e-type=\"container\" data-settings=\"{&quot;background_background&quot;:&quot;gradient&quot;}\">\n\t\t\t\t\t<div class=\"e-con-inner\">\n\t\t<div class=\"elementor-element elementor-element-091f5c0 e-con-full e-flex e-con e-child\" data-id=\"091f5c0\" data-element_type=\"container\" data-e-type=\"container\">\n\t\t\t\t<div class=\"elementor-element elementor-element-f9946ea elementor-invisible elementor-widget elementor-widget-image\" data-id=\"f9946ea\" data-element_type=\"widget\" data-e-type=\"widget\" data-settings=\"{&quot;_animation&quot;:&quot;fadeInLeft&quot;}\" data-widget_type=\"image.default\">\n\t\t\t\t\t\t\t\t\t\t\t\t\t\t\t<img loading=\"lazy\" decoding=\"async\" width=\"377\" height=\"367\" src=\"https:\/\/ogc.com.do\/wp-content\/uploads\/2026\/02\/nosotros-cta.webp\" class=\"attachment-full size-full wp-image-267\" alt=\"\" srcset=\"https:\/\/ogc.com.do\/wp-content\/uploads\/2026\/02\/nosotros-cta.webp 377w, https:\/\/ogc.com.do\/wp-content\/uploads\/2026\/02\/nosotros-cta-300x292.webp 300w\" sizes=\"(max-width: 377px) 100vw, 377px\" \/>\t\t\t\t\t\t\t\t\t\t\t\t\t\t\t<\/div>\n\t\t\t\t<\/div>\n\t\t<div class=\"elementor-element elementor-element-a9cdc7d e-con-full e-flex e-con e-child\" data-id=\"a9cdc7d\" data-element_type=\"container\" data-e-type=\"container\">\n\t\t\t\t<div class=\"elementor-element elementor-element-597ae5f elementor-widget elementor-widget-heading\" data-id=\"597ae5f\" data-element_type=\"widget\" data-e-type=\"widget\" data-widget_type=\"heading.default\">\n\t\t\t\t\t<h2 class=\"elementor-heading-title elementor-size-default\"> Ready to change the way you manage your international logistics?<\/h2>\t\t\t\t<\/div>\n\t\t\t\t<div class=\"elementor-element elementor-element-b9c26bb elementor-widget__width-initial elementor-widget elementor-widget-text-editor\" data-id=\"b9c26bb\" data-element_type=\"widget\" data-e-type=\"widget\" data-widget_type=\"text-editor.default\">\n\t\t\t\t\t\t\t\t\tOfreight Global Connecting is here to build with you a new way of doing global trade: more efficient, smarter, and responsible.\t\t\t\t\t\t\t\t<\/div>\n\t\t\t\t<div class=\"elementor-element elementor-element-a079de6 elementor-widget elementor-widget-ucaddon_creative_buttons\" data-id=\"a079de6\" data-element_type=\"widget\" data-e-type=\"widget\" data-widget_type=\"ucaddon_creative_buttons.default\">\n\t\t\t\t<div class=\"elementor-widget-container\">\n\t\t\t\t\t\n<!-- start Creative Button Hovers -->\n<style>\/* widget: Creative Button Hovers *\/\n\n#uc_creative_buttons_elementor_a079de6.uc_creative_buttons .uc_button,\n#uc_creative_buttons_elementor_a079de6.uc_creative_buttons .uc_button::after,\n#uc_creative_buttons_elementor_a079de6 .uc_creative_buttons_icon{\n\ttransition: all 0.3s;\n}\n\n#uc_creative_buttons_elementor_a079de6.uc_creative_buttons .uc_button {\n  overflow:hidden;\n}\n\n#uc_creative_buttons_elementor_a079de6 .uc_button_wrapper{\n  display: flex;\n  align-items: center;\n  justify-content: center;\n}\n\n\/* start styles *\/\n#uc_creative_buttons_elementor_a079de6 .uc_content{\n  display: flex;\n  flex-wrap: wrap;\n}\n\n\/* GENERAL BUTTON STYLING *\/\n#uc_creative_buttons_elementor_a079de6 .uc_button,\n#uc_creative_buttons_elementor_a079de6 .uc_button::after {\n\ttransition: all 0.3s;\n}\n\n#uc_creative_buttons_elementor_a079de6 .uc_button {\n  margin: 0 auto;\n  position: relative;\n  text-align: center;\n}\n\n#uc_creative_buttons_elementor_a079de6 .uc_button span{\n  z-index: 2;\n  position: relative;\n  display: block;\n}\n\n#uc_creative_buttons_elementor_a079de6 .uc_button::before,\n#uc_creative_buttons_elementor_a079de6 .uc_button::after {\n  content: '';\n  position: absolute;\n  z-index: 1;\n}\n\n\/* BUTTON 1 *\/\n#uc_creative_buttons_elementor_a079de6 .uc_btn-1::after {\n  height: 0;\n  left: 0;\n  top: 0;\n  width: 100%;\n}\n\n#uc_creative_buttons_elementor_a079de6 .uc_btn-1:hover:after {\n  height: 100%;\n}\n\n\/* BUTTON 7 *\/\n#uc_creative_buttons_elementor_a079de6 .uc_btn-7::after {\n  height: 0;\n  left: 0;\n  bottom: 0;\n  width: 100%;\n}\n\n#uc_creative_buttons_elementor_a079de6 .uc_btn-7:hover:after {\n  height: 100%;\n}\n\n\/* BUTTON 2 *\/\n#uc_creative_buttons_elementor_a079de6 .uc_btn-2::after {\n  height: 100%;\n  left: 0;\n  top: 0;\n  width: 0;\n}\n\n#uc_creative_buttons_elementor_a079de6 .uc_btn-2:hover:after {\n  width: 100%;\n}\n\n\/* BUTTON 6 *\/\n#uc_creative_buttons_elementor_a079de6 .uc_btn-6::after {\n  height: 100%;\n  right: 0;\n  top: 0;\n  width: 0;\n}\n\n#uc_creative_buttons_elementor_a079de6 .uc_btn-6:hover:after {\n  width: 100%;\n}\n\n\/* BUTTON 3 *\/\n#uc_creative_buttons_elementor_a079de6 .uc_btn-3::after {\n  height: 0;\n  left: 50%;\n  top: 50%;\n  width: 0;\n}\n\n#uc_creative_buttons_elementor_a079de6 .uc_btn-3:hover:after {\n  height: 100%;\n  left: 0;\n  top: 0;\n  width: 100%;\n}\n\n\n\/* BUTTON 4 *\/\n#uc_creative_buttons_elementor_a079de6 .uc_btn-4::before {\n}\n\n#uc_creative_buttons_elementor_a079de6 .uc_btn-4::after {\n  height: 100%;\n  left: 0;\n  top: 0;\n  width: 100%;\n}\n\n#uc_creative_buttons_elementor_a079de6 .uc_btn-4:hover:after{\n  height: 0;\n  left: 50%;\n  top: 50%;\n  width: 0;\n}\n\n\n\/* BUTTON 5 *\/\n#uc_creative_buttons_elementor_a079de6 .uc_btn-5 {\n  overflow: hidden;\n}\n\n#uc_creative_buttons_elementor_a079de6 .uc_btn-5::after {\n  height: 100%;\n  left: -100%;\n  top: 0;\n  transform: skew(50deg);\n  transition-duration: 0.6s;\n  transform-origin: top left;\n  width: 0;\n}\n\n#uc_creative_buttons_elementor_a079de6 .uc_btn-5:hover:after {\n  height: 100%;\n  width: 200%;\n}\n\/* end styles *\/\n\n<\/style>\n\n\n<div class=\"uc_creative_buttons\" id=\"uc_creative_buttons_elementor_a079de6\">\n  <div class=\"container\">\n    <a href=\"https:\/\/ogc.com.do\/en\/contact\/\" class=\"uc_button button-padding uc_btn-3\" >\n                    <span>Let\u2019s connect the world together<\/span>\n          <\/a>\n  <\/div>\n<\/div>\n<!-- end Creative Button Hovers -->\t\t\t\t<\/div>\n\t\t\t\t<\/div>\n\t\t\t\t<\/div>\n\t\t\t\t\t<\/div>\n\t\t\t\t<\/div>\n\t\t\t\t<\/div>","protected":false},"excerpt":{"rendered":"<p>Sobre Nosotros Ofreight Global Connecting Inicia operaciones con una visi\u00f3n clara: transformar la log\u00edstica internacional mediante soluciones integrales, innovadoras y sostenibles. Somos el socio estrat\u00e9gico de empresas importadoras, exportadoras y agentes de carga que buscan eficiencia real, visibilidad total y resultados medibles. Nuestra Visi\u00f3n Ser un referente global en soluciones log\u00edsticas inteligentes, confiables y sostenibles. [&hellip;]<\/p>\n","protected":false},"author":1,"featured_media":0,"parent":0,"menu_order":0,"comment_status":"closed","ping_status":"closed","template":"elementor_header_footer","meta":{"_joinchat":[],"footnotes":""},"class_list":["post-45","page","type-page","status-publish","hentry"],"aioseo_notices":[],"_links":{"self":[{"href":"https:\/\/ogc.com.do\/en\/wp-json\/wp\/v2\/pages\/45","targetHints":{"allow":["GET"]}}],"collection":[{"href":"https:\/\/ogc.com.do\/en\/wp-json\/wp\/v2\/pages"}],"about":[{"href":"https:\/\/ogc.com.do\/en\/wp-json\/wp\/v2\/types\/page"}],"author":[{"embeddable":true,"href":"https:\/\/ogc.com.do\/en\/wp-json\/wp\/v2\/users\/1"}],"replies":[{"embeddable":true,"href":"https:\/\/ogc.com.do\/en\/wp-json\/wp\/v2\/comments?post=45"}],"version-history":[{"count":73,"href":"https:\/\/ogc.com.do\/en\/wp-json\/wp\/v2\/pages\/45\/revisions"}],"predecessor-version":[{"id":554,"href":"https:\/\/ogc.com.do\/en\/wp-json\/wp\/v2\/pages\/45\/revisions\/554"}],"wp:attachment":[{"href":"https:\/\/ogc.com.do\/en\/wp-json\/wp\/v2\/media?parent=45"}],"curies":[{"name":"wp","href":"https:\/\/api.w.org\/{rel}","templated":true}]}}