{"id":47,"date":"2026-01-29T17:13:22","date_gmt":"2026-01-29T16:13:22","guid":{"rendered":"https:\/\/ogc.com.do\/?page_id=47"},"modified":"2026-02-19T15:32:00","modified_gmt":"2026-02-19T14:32:00","slug":"services","status":"publish","type":"page","link":"https:\/\/ogc.com.do\/en\/services\/","title":{"rendered":"Services"},"content":{"rendered":"<div data-elementor-type=\"wp-page\" data-elementor-id=\"47\" class=\"elementor elementor-47\" data-elementor-post-type=\"page\">\n\t\t\t\t<div class=\"elementor-element elementor-element-90cdf37 e-flex e-con-boxed e-con e-parent\" data-id=\"90cdf37\" data-element_type=\"container\" data-e-type=\"container\" data-settings=\"{&quot;background_background&quot;:&quot;classic&quot;}\">\n\t\t\t\t\t<div class=\"e-con-inner\">\n\t\t\t\t<div class=\"elementor-element elementor-element-bb030f6 elementor-invisible elementor-widget elementor-widget-heading\" data-id=\"bb030f6\" data-element_type=\"widget\" data-e-type=\"widget\" data-settings=\"{&quot;_animation&quot;:&quot;fadeInUp&quot;}\" data-widget_type=\"heading.default\">\n\t\t\t\t\t<h1 class=\"elementor-heading-title elementor-size-default\">Our Services<\/h1>\t\t\t\t<\/div>\n\t\t\t\t\t<\/div>\n\t\t\t\t<\/div>\n\t\t<div class=\"elementor-element elementor-element-b7966b1 e-flex e-con-boxed e-con e-parent\" data-id=\"b7966b1\" data-element_type=\"container\" data-e-type=\"container\" id=\"freight-forwarding-internacional\">\n\t\t\t\t\t<div class=\"e-con-inner\">\n\t\t<div class=\"elementor-element elementor-element-f459234 e-con-full e-flex elementor-invisible e-con e-child\" data-id=\"f459234\" data-element_type=\"container\" data-e-type=\"container\" data-settings=\"{&quot;animation&quot;:&quot;fadeInLeft&quot;}\">\n\t\t<div class=\"elementor-element elementor-element-1016b15 e-con-full e-flex e-con e-child\" data-id=\"1016b15\" data-element_type=\"container\" data-e-type=\"container\">\n\t\t\t\t<div class=\"elementor-element elementor-element-9ef23c1 elementor-widget elementor-widget-image\" data-id=\"9ef23c1\" data-element_type=\"widget\" data-e-type=\"widget\" data-widget_type=\"image.default\">\n\t\t\t\t\t\t\t\t\t\t\t\t\t\t\t<img decoding=\"async\" src=\"https:\/\/ogc.com.do\/wp-content\/uploads\/2026\/01\/home-icon-servicio-freight-circle.svg\" class=\"attachment-full size-full wp-image-173\" alt=\"\" \/>\t\t\t\t\t\t\t\t\t\t\t\t\t\t\t<\/div>\n\t\t\t\t<div class=\"elementor-element elementor-element-4b724d2 elementor-widget elementor-widget-heading\" data-id=\"4b724d2\" data-element_type=\"widget\" data-e-type=\"widget\" data-widget_type=\"heading.default\">\n\t\t\t\t\t<h2 class=\"elementor-heading-title elementor-size-default\">Freight Forwarding <br>\nInternacional<\/h2>\t\t\t\t<\/div>\n\t\t\t\t<\/div>\n\t\t\t\t<div class=\"elementor-element elementor-element-1410611 elementor-widget__width-initial elementor-widget elementor-widget-heading\" data-id=\"1410611\" data-element_type=\"widget\" data-e-type=\"widget\" data-widget_type=\"heading.default\">\n\t\t\t\t\t<h3 class=\"elementor-heading-title elementor-size-default\">Multimodal door-to-door service \nwith global coverage.<\/h3>\t\t\t\t<\/div>\n\t\t\t\t<div class=\"elementor-element elementor-element-9ae09e3 elementor-widget elementor-widget-text-editor\" data-id=\"9ae09e3\" data-element_type=\"widget\" data-e-type=\"widget\" data-widget_type=\"text-editor.default\">\n\t\t\t\t\t\t\t\t\t<p>\u2022 FCL and LCL ocean freight<\/p><p>\u2022 Air freight<\/p><p>\u2022 Ground transportation<\/p><p>\u2022 Refrigerated cargo<\/p><p>\u2022 Consolidation and strategic routing<\/p>\t\t\t\t\t\t\t\t<\/div>\n\t\t\t\t<\/div>\n\t\t<div class=\"elementor-element elementor-element-830561b e-con-full e-flex elementor-invisible e-con e-child\" data-id=\"830561b\" data-element_type=\"container\" data-e-type=\"container\" data-settings=\"{&quot;animation&quot;:&quot;fadeInRight&quot;}\">\n\t\t\t\t<div class=\"elementor-element elementor-element-0807850 elementor-widget elementor-widget-image\" data-id=\"0807850\" data-element_type=\"widget\" data-e-type=\"widget\" data-widget_type=\"image.default\">\n\t\t\t\t\t\t\t\t\t\t\t\t\t\t\t<img fetchpriority=\"high\" decoding=\"async\" width=\"800\" height=\"517\" src=\"https:\/\/ogc.com.do\/wp-content\/uploads\/2026\/02\/servicios-intro-featured.webp\" class=\"attachment-full size-full wp-image-555\" alt=\"\" srcset=\"https:\/\/ogc.com.do\/wp-content\/uploads\/2026\/02\/servicios-intro-featured.webp 800w, https:\/\/ogc.com.do\/wp-content\/uploads\/2026\/02\/servicios-intro-featured-300x194.webp 300w, https:\/\/ogc.com.do\/wp-content\/uploads\/2026\/02\/servicios-intro-featured-768x496.webp 768w\" sizes=\"(max-width: 800px) 100vw, 800px\" \/>\t\t\t\t\t\t\t\t\t\t\t\t\t\t\t<\/div>\n\t\t\t\t<\/div>\n\t\t\t\t\t<\/div>\n\t\t\t\t<\/div>\n\t\t<div class=\"elementor-element elementor-element-9ac444e e-flex e-con-boxed e-con e-parent\" data-id=\"9ac444e\" data-element_type=\"container\" data-e-type=\"container\" id=\"consultoria-logistica-estrategica\">\n\t\t\t\t\t<div class=\"e-con-inner\">\n\t\t<div class=\"elementor-element elementor-element-75488cf e-con-full e-flex elementor-invisible e-con e-child\" data-id=\"75488cf\" data-element_type=\"container\" data-e-type=\"container\" data-settings=\"{&quot;animation&quot;:&quot;fadeInRight&quot;}\">\n\t\t\t\t<div class=\"elementor-element elementor-element-9def528 elementor-widget elementor-widget-image\" data-id=\"9def528\" data-element_type=\"widget\" data-e-type=\"widget\" data-widget_type=\"image.default\">\n\t\t\t\t\t\t\t\t\t\t\t\t\t\t\t<img decoding=\"async\" width=\"800\" height=\"517\" src=\"https:\/\/ogc.com.do\/wp-content\/uploads\/2026\/02\/servicios-02.webp\" class=\"attachment-full size-full wp-image-333\" alt=\"\" srcset=\"https:\/\/ogc.com.do\/wp-content\/uploads\/2026\/02\/servicios-02.webp 800w, https:\/\/ogc.com.do\/wp-content\/uploads\/2026\/02\/servicios-02-300x194.webp 300w, https:\/\/ogc.com.do\/wp-content\/uploads\/2026\/02\/servicios-02-768x496.webp 768w\" sizes=\"(max-width: 800px) 100vw, 800px\" \/>\t\t\t\t\t\t\t\t\t\t\t\t\t\t\t<\/div>\n\t\t\t\t<\/div>\n\t\t<div class=\"elementor-element elementor-element-7fb765b e-con-full e-flex elementor-invisible e-con e-child\" data-id=\"7fb765b\" data-element_type=\"container\" data-e-type=\"container\" data-settings=\"{&quot;animation&quot;:&quot;fadeInLeft&quot;}\">\n\t\t<div class=\"elementor-element elementor-element-7e756cc e-con-full e-flex e-con e-child\" data-id=\"7e756cc\" data-element_type=\"container\" data-e-type=\"container\">\n\t\t\t\t<div class=\"elementor-element elementor-element-3959d39 elementor-widget elementor-widget-image\" data-id=\"3959d39\" data-element_type=\"widget\" data-e-type=\"widget\" data-widget_type=\"image.default\">\n\t\t\t\t\t\t\t\t\t\t\t\t\t\t\t<img decoding=\"async\" src=\"https:\/\/ogc.com.do\/wp-content\/uploads\/2026\/01\/home-icon-servicio-logistica-circle.svg\" class=\"attachment-full size-full wp-image-177\" alt=\"\" \/>\t\t\t\t\t\t\t\t\t\t\t\t\t\t\t<\/div>\n\t\t\t\t<div class=\"elementor-element elementor-element-f3ebcf7 elementor-widget__width-initial elementor-widget elementor-widget-heading\" data-id=\"f3ebcf7\" data-element_type=\"widget\" data-e-type=\"widget\" data-widget_type=\"heading.default\">\n\t\t\t\t\t<h2 class=\"elementor-heading-title elementor-size-default\">Strategic \nLogistics Consulting<\/h2>\t\t\t\t<\/div>\n\t\t\t\t<\/div>\n\t\t\t\t<div class=\"elementor-element elementor-element-b476adc elementor-widget__width-initial elementor-widget elementor-widget-heading\" data-id=\"b476adc\" data-element_type=\"widget\" data-e-type=\"widget\" data-widget_type=\"heading.default\">\n\t\t\t\t\t<h3 class=\"elementor-heading-title elementor-size-default\">We design more efficient \nsupply chains:<\/h3>\t\t\t\t<\/div>\n\t\t\t\t<div class=\"elementor-element elementor-element-aebd86b elementor-widget elementor-widget-text-editor\" data-id=\"aebd86b\" data-element_type=\"widget\" data-e-type=\"widget\" data-widget_type=\"text-editor.default\">\n\t\t\t\t\t\t\t\t\t<p>\u2022 Route analysis<\/p><p>\u2022 Time optimization<\/p><p>\u2022 Cost reduction<\/p><p>\u2022 Operational planning<\/p>\t\t\t\t\t\t\t\t<\/div>\n\t\t\t\t<\/div>\n\t\t\t\t\t<\/div>\n\t\t\t\t<\/div>\n\t\t<div class=\"elementor-element elementor-element-efb8991 e-flex e-con-boxed e-con e-parent\" data-id=\"efb8991\" data-element_type=\"container\" data-e-type=\"container\" id=\"gestion-documental-aduanera\">\n\t\t\t\t\t<div class=\"e-con-inner\">\n\t\t<div class=\"elementor-element elementor-element-40dd4c4 e-con-full e-flex elementor-invisible e-con e-child\" data-id=\"40dd4c4\" data-element_type=\"container\" data-e-type=\"container\" data-settings=\"{&quot;animation&quot;:&quot;fadeInLeft&quot;}\">\n\t\t<div class=\"elementor-element elementor-element-ba1f5f3 e-con-full e-flex e-con e-child\" data-id=\"ba1f5f3\" data-element_type=\"container\" data-e-type=\"container\">\n\t\t\t\t<div class=\"elementor-element elementor-element-78e59c0 elementor-widget elementor-widget-image\" data-id=\"78e59c0\" data-element_type=\"widget\" data-e-type=\"widget\" data-widget_type=\"image.default\">\n\t\t\t\t\t\t\t\t\t\t\t\t\t\t\t<img decoding=\"async\" src=\"https:\/\/ogc.com.do\/wp-content\/uploads\/2026\/01\/home-icon-servicio-aduanera-circle.svg\" class=\"attachment-full size-full wp-image-178\" alt=\"\" \/>\t\t\t\t\t\t\t\t\t\t\t\t\t\t\t<\/div>\n\t\t\t\t<div class=\"elementor-element elementor-element-290e410 elementor-widget__width-inherit elementor-widget elementor-widget-heading\" data-id=\"290e410\" data-element_type=\"widget\" data-e-type=\"widget\" data-widget_type=\"heading.default\">\n\t\t\t\t\t<h2 class=\"elementor-heading-title elementor-size-default\">Documentation and Customs Management<\/h2>\t\t\t\t<\/div>\n\t\t\t\t<\/div>\n\t\t\t\t<div class=\"elementor-element elementor-element-bbe5910 elementor-widget elementor-widget-heading\" data-id=\"bbe5910\" data-element_type=\"widget\" data-e-type=\"widget\" data-widget_type=\"heading.default\">\n\t\t\t\t\t<h3 class=\"elementor-heading-title elementor-size-default\">We simplify regulatory complexity.<\/h3>\t\t\t\t<\/div>\n\t\t\t\t<div class=\"elementor-element elementor-element-de2b165 elementor-widget elementor-widget-text-editor\" data-id=\"de2b165\" data-element_type=\"widget\" data-e-type=\"widget\" data-widget_type=\"text-editor.default\">\n\t\t\t\t\t\t\t\t\t<p>\u2022 Customs clearance<\/p><p>\u2022 Regulatory compliance<\/p><p>\u2022 Delay reduction<\/p><p>\u2022 Document control<\/p>\t\t\t\t\t\t\t\t<\/div>\n\t\t\t\t<\/div>\n\t\t<div class=\"elementor-element elementor-element-da2b608 e-con-full e-flex elementor-invisible e-con e-child\" data-id=\"da2b608\" data-element_type=\"container\" data-e-type=\"container\" data-settings=\"{&quot;animation&quot;:&quot;fadeInRight&quot;}\">\n\t\t\t\t<div class=\"elementor-element elementor-element-91dfa45 elementor-widget elementor-widget-image\" data-id=\"91dfa45\" data-element_type=\"widget\" data-e-type=\"widget\" data-widget_type=\"image.default\">\n\t\t\t\t\t\t\t\t\t\t\t\t\t\t\t<img decoding=\"async\" width=\"800\" height=\"517\" src=\"https:\/\/ogc.com.do\/wp-content\/uploads\/2026\/02\/servicios-03.webp\" class=\"attachment-full size-full wp-image-334\" alt=\"\" srcset=\"https:\/\/ogc.com.do\/wp-content\/uploads\/2026\/02\/servicios-03.webp 800w, https:\/\/ogc.com.do\/wp-content\/uploads\/2026\/02\/servicios-03-300x194.webp 300w, https:\/\/ogc.com.do\/wp-content\/uploads\/2026\/02\/servicios-03-768x496.webp 768w\" sizes=\"(max-width: 800px) 100vw, 800px\" \/>\t\t\t\t\t\t\t\t\t\t\t\t\t\t\t<\/div>\n\t\t\t\t<\/div>\n\t\t\t\t\t<\/div>\n\t\t\t\t<\/div>\n\t\t<div class=\"elementor-element elementor-element-fe6f685 e-flex e-con-boxed e-con e-parent\" data-id=\"fe6f685\" data-element_type=\"container\" data-e-type=\"container\" id=\"seguimiento-personalizado\">\n\t\t\t\t\t<div class=\"e-con-inner\">\n\t\t<div class=\"elementor-element elementor-element-45b2667 e-con-full e-flex elementor-invisible e-con e-child\" data-id=\"45b2667\" data-element_type=\"container\" data-e-type=\"container\" data-settings=\"{&quot;animation&quot;:&quot;fadeInRight&quot;}\">\n\t\t\t\t<div class=\"elementor-element elementor-element-b100f52 elementor-widget elementor-widget-image\" data-id=\"b100f52\" data-element_type=\"widget\" data-e-type=\"widget\" data-widget_type=\"image.default\">\n\t\t\t\t\t\t\t\t\t\t\t\t\t\t\t<img loading=\"lazy\" decoding=\"async\" width=\"800\" height=\"517\" src=\"https:\/\/ogc.com.do\/wp-content\/uploads\/2026\/02\/servicios-04.webp\" class=\"attachment-full size-full wp-image-331\" alt=\"\" srcset=\"https:\/\/ogc.com.do\/wp-content\/uploads\/2026\/02\/servicios-04.webp 800w, https:\/\/ogc.com.do\/wp-content\/uploads\/2026\/02\/servicios-04-300x194.webp 300w, https:\/\/ogc.com.do\/wp-content\/uploads\/2026\/02\/servicios-04-768x496.webp 768w\" sizes=\"(max-width: 800px) 100vw, 800px\" \/>\t\t\t\t\t\t\t\t\t\t\t\t\t\t\t<\/div>\n\t\t\t\t<\/div>\n\t\t<div class=\"elementor-element elementor-element-250649f e-con-full e-flex elementor-invisible e-con e-child\" data-id=\"250649f\" data-element_type=\"container\" data-e-type=\"container\" data-settings=\"{&quot;animation&quot;:&quot;fadeInLeft&quot;}\">\n\t\t<div class=\"elementor-element elementor-element-6f8f660 e-con-full e-flex e-con e-child\" data-id=\"6f8f660\" data-element_type=\"container\" data-e-type=\"container\">\n\t\t\t\t<div class=\"elementor-element elementor-element-0932447 elementor-widget elementor-widget-image\" data-id=\"0932447\" data-element_type=\"widget\" data-e-type=\"widget\" data-widget_type=\"image.default\">\n\t\t\t\t\t\t\t\t\t\t\t\t\t\t\t<img decoding=\"async\" src=\"https:\/\/ogc.com.do\/wp-content\/uploads\/2026\/01\/home-icon-servicio-personalizado-circle.svg\" class=\"attachment-full size-full wp-image-179\" alt=\"\" \/>\t\t\t\t\t\t\t\t\t\t\t\t\t\t\t<\/div>\n\t\t\t\t<div class=\"elementor-element elementor-element-0704115 elementor-widget__width-initial elementor-widget elementor-widget-heading\" data-id=\"0704115\" data-element_type=\"widget\" data-e-type=\"widget\" data-widget_type=\"heading.default\">\n\t\t\t\t\t<h2 class=\"elementor-heading-title elementor-size-default\">Personalized Tracking<\/h2>\t\t\t\t<\/div>\n\t\t\t\t<\/div>\n\t\t\t\t<div class=\"elementor-element elementor-element-0ee3841 elementor-widget elementor-widget-heading\" data-id=\"0ee3841\" data-element_type=\"widget\" data-e-type=\"widget\" data-widget_type=\"heading.default\">\n\t\t\t\t\t<h3 class=\"elementor-heading-title elementor-size-default\">Full visibility of your shipments.<\/h3>\t\t\t\t<\/div>\n\t\t\t\t<div class=\"elementor-element elementor-element-8bc3aaf elementor-widget elementor-widget-text-editor\" data-id=\"8bc3aaf\" data-element_type=\"widget\" data-e-type=\"widget\" data-widget_type=\"text-editor.default\">\n\t\t\t\t\t\t\t\t\t<p>\u2022 Dashboards<\/p><p>\u2022 Real-time tracking<\/p><p>\u2022 Proactive communication<\/p>\t\t\t\t\t\t\t\t<\/div>\n\t\t\t\t<\/div>\n\t\t\t\t\t<\/div>\n\t\t\t\t<\/div>\n\t\t<div class=\"elementor-element elementor-element-0578081 e-flex e-con-boxed e-con e-parent\" data-id=\"0578081\" data-element_type=\"container\" data-e-type=\"container\">\n\t\t\t\t\t<div class=\"e-con-inner\">\n\t\t<div class=\"elementor-element elementor-element-dd85e2d e-con-full e-flex elementor-invisible e-con e-child\" data-id=\"dd85e2d\" data-element_type=\"container\" data-e-type=\"container\" data-settings=\"{&quot;animation&quot;:&quot;fadeInLeft&quot;}\">\n\t\t<div class=\"elementor-element elementor-element-5dc30e6 e-con-full e-flex e-con e-child\" data-id=\"5dc30e6\" data-element_type=\"container\" data-e-type=\"container\">\n\t\t\t\t<div class=\"elementor-element elementor-element-bce42d8 elementor-widget elementor-widget-image\" data-id=\"bce42d8\" data-element_type=\"widget\" data-e-type=\"widget\" data-widget_type=\"image.default\">\n\t\t\t\t\t\t\t\t\t\t\t\t\t\t\t<img loading=\"lazy\" decoding=\"async\" width=\"80\" height=\"80\" src=\"https:\/\/ogc.com.do\/wp-content\/uploads\/2026\/02\/servicios-05-brand.webp\" class=\"attachment-full size-full wp-image-337\" alt=\"\" \/>\t\t\t\t\t\t\t\t\t\t\t\t\t\t\t<\/div>\n\t\t\t\t<div class=\"elementor-element elementor-element-929120a elementor-widget elementor-widget-heading\" data-id=\"929120a\" data-element_type=\"widget\" data-e-type=\"widget\" data-widget_type=\"heading.default\">\n\t\t\t\t\t<h2 class=\"elementor-heading-title elementor-size-default\">Sustainability<\/h2>\t\t\t\t<\/div>\n\t\t\t\t<\/div>\n\t\t\t\t<div class=\"elementor-element elementor-element-2219b72 elementor-widget__width-initial elementor-widget elementor-widget-heading\" data-id=\"2219b72\" data-element_type=\"widget\" data-e-type=\"widget\" data-widget_type=\"heading.default\">\n\t\t\t\t\t<h3 class=\"elementor-heading-title elementor-size-default\">We apply responsible practices in every logistics operation.<\/h3>\t\t\t\t<\/div>\n\t\t\t\t<div class=\"elementor-element elementor-element-8f5f87f elementor-widget elementor-widget-text-editor\" data-id=\"8f5f87f\" data-element_type=\"widget\" data-e-type=\"widget\" data-widget_type=\"text-editor.default\">\n\t\t\t\t\t\t\t\t\t<p>\u2022 Route optimization to reduce emissions<\/p><p>\u2022 Paperless digital processes<\/p><p>\u2022 Collaboration with certified operators<\/p>\t\t\t\t\t\t\t\t<\/div>\n\t\t\t\t<\/div>\n\t\t<div class=\"elementor-element elementor-element-1f2a955 e-con-full e-flex elementor-invisible e-con e-child\" data-id=\"1f2a955\" data-element_type=\"container\" data-e-type=\"container\" data-settings=\"{&quot;animation&quot;:&quot;fadeInRight&quot;}\">\n\t\t\t\t<div class=\"elementor-element elementor-element-2ef31b4 elementor-widget elementor-widget-image\" data-id=\"2ef31b4\" data-element_type=\"widget\" data-e-type=\"widget\" data-widget_type=\"image.default\">\n\t\t\t\t\t\t\t\t\t\t\t\t\t\t\t<img loading=\"lazy\" decoding=\"async\" width=\"800\" height=\"517\" src=\"https:\/\/ogc.com.do\/wp-content\/uploads\/2026\/02\/servicios-05.webp\" class=\"attachment-full size-full wp-image-332\" alt=\"\" srcset=\"https:\/\/ogc.com.do\/wp-content\/uploads\/2026\/02\/servicios-05.webp 800w, https:\/\/ogc.com.do\/wp-content\/uploads\/2026\/02\/servicios-05-300x194.webp 300w, https:\/\/ogc.com.do\/wp-content\/uploads\/2026\/02\/servicios-05-768x496.webp 768w\" sizes=\"(max-width: 800px) 100vw, 800px\" \/>\t\t\t\t\t\t\t\t\t\t\t\t\t\t\t<\/div>\n\t\t\t\t<\/div>\n\t\t\t\t\t<\/div>\n\t\t\t\t<\/div>\n\t\t<div class=\"elementor-element elementor-element-900597d e-flex e-con-boxed e-con e-parent\" data-id=\"900597d\" data-element_type=\"container\" data-e-type=\"container\" data-settings=\"{&quot;background_background&quot;:&quot;gradient&quot;}\">\n\t\t\t\t\t<div class=\"e-con-inner\">\n\t\t<div class=\"elementor-element elementor-element-fb64264 e-con-full e-flex e-con e-child\" data-id=\"fb64264\" data-element_type=\"container\" data-e-type=\"container\">\n\t\t\t\t<div class=\"elementor-element elementor-element-8648f3d elementor-invisible elementor-widget elementor-widget-image\" data-id=\"8648f3d\" data-element_type=\"widget\" data-e-type=\"widget\" data-settings=\"{&quot;_animation&quot;:&quot;fadeInLeft&quot;}\" data-widget_type=\"image.default\">\n\t\t\t\t\t\t\t\t\t\t\t\t\t\t\t<img loading=\"lazy\" decoding=\"async\" width=\"377\" height=\"367\" src=\"https:\/\/ogc.com.do\/wp-content\/uploads\/2026\/02\/servicios-cta.webp\" class=\"attachment-full size-full wp-image-330\" alt=\"\" srcset=\"https:\/\/ogc.com.do\/wp-content\/uploads\/2026\/02\/servicios-cta.webp 377w, https:\/\/ogc.com.do\/wp-content\/uploads\/2026\/02\/servicios-cta-300x292.webp 300w\" sizes=\"(max-width: 377px) 100vw, 377px\" \/>\t\t\t\t\t\t\t\t\t\t\t\t\t\t\t<\/div>\n\t\t\t\t<\/div>\n\t\t<div class=\"elementor-element elementor-element-329f26d e-con-full e-flex elementor-invisible e-con e-child\" data-id=\"329f26d\" data-element_type=\"container\" data-e-type=\"container\" data-settings=\"{&quot;animation&quot;:&quot;fadeInRight&quot;}\">\n\t\t\t\t<div class=\"elementor-element elementor-element-9f2ac60 elementor-widget elementor-widget-heading\" data-id=\"9f2ac60\" data-element_type=\"widget\" data-e-type=\"widget\" data-widget_type=\"heading.default\">\n\t\t\t\t\t<h2 class=\"elementor-heading-title elementor-size-default\">Let\u2019s connect the world together<\/h2>\t\t\t\t<\/div>\n\t\t\t\t<div class=\"elementor-element elementor-element-80e7c1d elementor-widget__width-initial elementor-widget elementor-widget-text-editor\" data-id=\"80e7c1d\" data-element_type=\"widget\" data-e-type=\"widget\" data-widget_type=\"text-editor.default\">\n\t\t\t\t\t\t\t\t\t<p>Contact us today to discover how we can optimize your supply chain and provide you with a competitive advantage.<\/p>\t\t\t\t\t\t\t\t<\/div>\n\t\t\t\t<div class=\"elementor-element elementor-element-15f1119 elementor-widget elementor-widget-ucaddon_creative_buttons\" data-id=\"15f1119\" data-element_type=\"widget\" data-e-type=\"widget\" data-widget_type=\"ucaddon_creative_buttons.default\">\n\t\t\t\t<div class=\"elementor-widget-container\">\n\t\t\t\t\t\n<!-- start Creative Button Hovers -->\n<style>\/* widget: Creative Button Hovers *\/\n\n#uc_creative_buttons_elementor_15f1119.uc_creative_buttons .uc_button,\n#uc_creative_buttons_elementor_15f1119.uc_creative_buttons .uc_button::after,\n#uc_creative_buttons_elementor_15f1119 .uc_creative_buttons_icon{\n\ttransition: all 0.3s;\n}\n\n#uc_creative_buttons_elementor_15f1119.uc_creative_buttons .uc_button {\n  overflow:hidden;\n}\n\n#uc_creative_buttons_elementor_15f1119 .uc_button_wrapper{\n  display: flex;\n  align-items: center;\n  justify-content: center;\n}\n\n\/* start styles *\/\n#uc_creative_buttons_elementor_15f1119 .uc_content{\n  display: flex;\n  flex-wrap: wrap;\n}\n\n\/* GENERAL BUTTON STYLING *\/\n#uc_creative_buttons_elementor_15f1119 .uc_button,\n#uc_creative_buttons_elementor_15f1119 .uc_button::after {\n\ttransition: all 0.3s;\n}\n\n#uc_creative_buttons_elementor_15f1119 .uc_button {\n  margin: 0 auto;\n  position: relative;\n  text-align: center;\n}\n\n#uc_creative_buttons_elementor_15f1119 .uc_button span{\n  z-index: 2;\n  position: relative;\n  display: block;\n}\n\n#uc_creative_buttons_elementor_15f1119 .uc_button::before,\n#uc_creative_buttons_elementor_15f1119 .uc_button::after {\n  content: '';\n  position: absolute;\n  z-index: 1;\n}\n\n\/* BUTTON 1 *\/\n#uc_creative_buttons_elementor_15f1119 .uc_btn-1::after {\n  height: 0;\n  left: 0;\n  top: 0;\n  width: 100%;\n}\n\n#uc_creative_buttons_elementor_15f1119 .uc_btn-1:hover:after {\n  height: 100%;\n}\n\n\/* BUTTON 7 *\/\n#uc_creative_buttons_elementor_15f1119 .uc_btn-7::after {\n  height: 0;\n  left: 0;\n  bottom: 0;\n  width: 100%;\n}\n\n#uc_creative_buttons_elementor_15f1119 .uc_btn-7:hover:after {\n  height: 100%;\n}\n\n\/* BUTTON 2 *\/\n#uc_creative_buttons_elementor_15f1119 .uc_btn-2::after {\n  height: 100%;\n  left: 0;\n  top: 0;\n  width: 0;\n}\n\n#uc_creative_buttons_elementor_15f1119 .uc_btn-2:hover:after {\n  width: 100%;\n}\n\n\/* BUTTON 6 *\/\n#uc_creative_buttons_elementor_15f1119 .uc_btn-6::after {\n  height: 100%;\n  right: 0;\n  top: 0;\n  width: 0;\n}\n\n#uc_creative_buttons_elementor_15f1119 .uc_btn-6:hover:after {\n  width: 100%;\n}\n\n\/* BUTTON 3 *\/\n#uc_creative_buttons_elementor_15f1119 .uc_btn-3::after {\n  height: 0;\n  left: 50%;\n  top: 50%;\n  width: 0;\n}\n\n#uc_creative_buttons_elementor_15f1119 .uc_btn-3:hover:after {\n  height: 100%;\n  left: 0;\n  top: 0;\n  width: 100%;\n}\n\n\n\/* BUTTON 4 *\/\n#uc_creative_buttons_elementor_15f1119 .uc_btn-4::before {\n}\n\n#uc_creative_buttons_elementor_15f1119 .uc_btn-4::after {\n  height: 100%;\n  left: 0;\n  top: 0;\n  width: 100%;\n}\n\n#uc_creative_buttons_elementor_15f1119 .uc_btn-4:hover:after{\n  height: 0;\n  left: 50%;\n  top: 50%;\n  width: 0;\n}\n\n\n\/* BUTTON 5 *\/\n#uc_creative_buttons_elementor_15f1119 .uc_btn-5 {\n  overflow: hidden;\n}\n\n#uc_creative_buttons_elementor_15f1119 .uc_btn-5::after {\n  height: 100%;\n  left: -100%;\n  top: 0;\n  transform: skew(50deg);\n  transition-duration: 0.6s;\n  transform-origin: top left;\n  width: 0;\n}\n\n#uc_creative_buttons_elementor_15f1119 .uc_btn-5:hover:after {\n  height: 100%;\n  width: 200%;\n}\n\/* end styles *\/\n\n<\/style>\n\n\n<div class=\"uc_creative_buttons\" id=\"uc_creative_buttons_elementor_15f1119\">\n  <div class=\"container\">\n    <a href=\"https:\/\/ogc.com.do\/en\/contact\/\" class=\"uc_button button-padding uc_btn-3\" >\n                    <span>Request services<\/span>\n          <\/a>\n  <\/div>\n<\/div>\n<!-- end Creative Button Hovers -->\t\t\t\t<\/div>\n\t\t\t\t<\/div>\n\t\t\t\t<\/div>\n\t\t\t\t\t<\/div>\n\t\t\t\t<\/div>\n\t\t\t\t<\/div>","protected":false},"excerpt":{"rendered":"<p>Nuestros Servicios Freight Forwarding Internacional Servicio puerta a puerta multimodal con cobertura global. \u2022 Transporte mar\u00edtimo FCL y LCL \u2022 Transporte a\u00e9reo \u2022 Transporte terrestre \u2022 Carga refrigerada \u2022 Consolidaci\u00f3n y ruteo estrat\u00e9gico Consultor\u00eda Log\u00edstica Estrat\u00e9gica Dise\u00f1amos cadenas de suministro m\u00e1s eficientes: \u2022 An\u00e1lisis de rutas \u2022 Optimizaci\u00f3n de tiempos \u2022 Reducci\u00f3n de costos \u2022 [&hellip;]<\/p>\n","protected":false},"author":1,"featured_media":0,"parent":0,"menu_order":0,"comment_status":"closed","ping_status":"closed","template":"elementor_header_footer","meta":{"_joinchat":[],"footnotes":""},"class_list":["post-47","page","type-page","status-publish","hentry"],"aioseo_notices":[],"_links":{"self":[{"href":"https:\/\/ogc.com.do\/en\/wp-json\/wp\/v2\/pages\/47","targetHints":{"allow":["GET"]}}],"collection":[{"href":"https:\/\/ogc.com.do\/en\/wp-json\/wp\/v2\/pages"}],"about":[{"href":"https:\/\/ogc.com.do\/en\/wp-json\/wp\/v2\/types\/page"}],"author":[{"embeddable":true,"href":"https:\/\/ogc.com.do\/en\/wp-json\/wp\/v2\/users\/1"}],"replies":[{"embeddable":true,"href":"https:\/\/ogc.com.do\/en\/wp-json\/wp\/v2\/comments?post=47"}],"version-history":[{"count":88,"href":"https:\/\/ogc.com.do\/en\/wp-json\/wp\/v2\/pages\/47\/revisions"}],"predecessor-version":[{"id":595,"href":"https:\/\/ogc.com.do\/en\/wp-json\/wp\/v2\/pages\/47\/revisions\/595"}],"wp:attachment":[{"href":"https:\/\/ogc.com.do\/en\/wp-json\/wp\/v2\/media?parent=47"}],"curies":[{"name":"wp","href":"https:\/\/api.w.org\/{rel}","templated":true}]}}